{"id":989585,"date":"2026-02-09T13:25:05","date_gmt":"2026-02-09T12:25:05","guid":{"rendered":"https:\/\/sashomestaging.com\/?page_id=989585"},"modified":"2026-02-10T22:30:46","modified_gmt":"2026-02-10T21:30:46","slug":"contact-3","status":"publish","type":"page","link":"https:\/\/sashomestaging.com\/hu\/contact-3\/","title":{"rendered":"Contact #3"},"content":{"rendered":"<style>.elementor-989585 .elementor-element.elementor-element-8a2d9cd{margin-top:0px;margin-bottom:130px;}.elementor-989585 .elementor-element.elementor-element-1087890 > .elementor-widget-wrap > .elementor-widget:not(.elementor-widget__width-auto):not(.elementor-widget__width-initial):not(:last-child):not(.elementor-absolute){margin-block-end:40px;}.elementor-989585 .elementor-element.elementor-element-1087890 > .elementor-element-populated{border-style:solid;border-width:0px 1px 0px 0px;border-color:var( --e-global-color-vamtam_accent_7 );padding:0px 60px 0px 0px;}:root{--page-title-display:none;}@media(max-width:1023px) and (min-width:481px){.elementor-989585 .elementor-element.elementor-element-1087890{width:100%;}}@media(max-width:1366px){.elementor-989585 .elementor-element.elementor-element-8a2d9cd{padding:0px 20px 0px 20px;}}@media(max-width:1023px){.elementor-989585 .elementor-element.elementor-element-8a2d9cd{margin-top:0px;margin-bottom:100px;}.elementor-989585 .elementor-element.elementor-element-1087890 > .elementor-element-populated{border-width:0px 0px 1px 0px;padding:0px 15px 030px 0px;}}@media(max-width:480px){.elementor-989585 .elementor-element.elementor-element-8a2d9cd{margin-top:0px;margin-bottom:55px;}.elementor-989585 .elementor-element.elementor-element-1087890 > .elementor-widget-wrap > .elementor-widget:not(.elementor-widget__width-auto):not(.elementor-widget__width-initial):not(:last-child):not(.elementor-absolute){margin-block-end:10px;}.elementor-989585 .elementor-element.elementor-element-1087890 > .elementor-element-populated{border-width:0px 0px 0px 0px;margin:0px 0px 39px 0px;--e-column-margin-right:0px;--e-column-margin-left:0px;padding:0px 0px 0px 0px;}}<\/style>\t\t<div data-elementor-type=\"wp-page\" data-elementor-id=\"989585\" class=\"elementor elementor-989585\" data-elementor-post-type=\"page\">\n\t\t\t\t\t\t<section class=\"elementor-section elementor-top-section elementor-element elementor-element-8a2d9cd elementor-section-boxed elementor-section-height-default elementor-section-height-default\" data-id=\"8a2d9cd\" data-element_type=\"section\" data-e-type=\"section\">\n\t\t\t\t\t\t<div class=\"elementor-container elementor-column-gap-no\">\n\t\t\t\t\t<div class=\"elementor-column elementor-col-100 elementor-top-column elementor-element elementor-element-1087890\" data-id=\"1087890\" data-element_type=\"column\" data-e-type=\"column\">\n\t\t\t<div class=\"elementor-widget-wrap elementor-element-populated\">\n\t\t\t\t\t\t<div class=\"elementor-element elementor-element-c2a2136 elementor-widget elementor-widget-heading\" data-id=\"c2a2136\" data-element_type=\"widget\" data-e-type=\"widget\" data-widget_type=\"heading.default\">\n\t\t\t\t<div class=\"elementor-widget-container\">\n\t\t\t\t\t<h2 class=\"elementor-heading-title elementor-size-default\">Immobilie zum H\u00f6chstpreis verkaufen.<\/h2>\t\t\t\t<\/div>\n\t\t\t\t<\/div>\n\t\t\t\t<div class=\"elementor-element elementor-element-231d12f elementor-widget elementor-widget-heading\" data-id=\"231d12f\" data-element_type=\"widget\" data-e-type=\"widget\" data-widget_type=\"heading.default\">\n\t\t\t\t<div class=\"elementor-widget-container\">\n\t\t\t\t\t<h3 class=\"elementor-heading-title elementor-size-default\">Die strategische Checkliste f\u00fcr Eigent\u00fcmer in Berlin\/Brandenburg<\/h3>\t\t\t\t<\/div>\n\t\t\t\t<\/div>\n\t\t\t\t<div class=\"elementor-element elementor-element-1d3aca1 elementor-widget elementor-widget-text-editor\" data-id=\"1d3aca1\" data-element_type=\"widget\" data-e-type=\"widget\" data-widget_type=\"text-editor.default\">\n\t\t\t\t<div class=\"elementor-widget-container\">\n\t\t\t\t\t\t\t\t\t<p>Was vor dem Verkauf einer Wohnimmobilie wirklich gepr\u00fcft, vorbereitet und entschieden werden sollte, um unn\u00f6tige Preisabschl\u00e4ge zu vermeiden.<\/p><p>F\u00fcr Eigentumswohnungen und Einfamilienh\u00e4user. Neubau und Bestand.<\/p>\t\t\t\t\t\t\t\t<\/div>\n\t\t\t\t<\/div>\n\t\t\t\t<div class=\"elementor-element elementor-element-6dd08b7 elementor-widget elementor-widget-hubspot-form\" data-id=\"6dd08b7\" data-element_type=\"widget\" data-e-type=\"widget\" data-widget_type=\"hubspot-form.default\">\n\t\t\t\t<div class=\"elementor-widget-container\">\n\t\t\t\t\t\n\t\t\t\t\t\t<script>\n\t\t\t\t\t\t\twindow.hsFormsOnReady = window.hsFormsOnReady || [];\n\t\t\t\t\t\t\twindow.hsFormsOnReady.push(()=>{\n\t\t\t\t\t\t\t\thbspt.forms.create({\n\t\t\t\t\t\t\t\t\tportalId: 147354922,\n\t\t\t\t\t\t\t\t\tformId: \"420fc373-4bd5-4997-accf-aeefb98f227c\",\n\t\t\t\t\t\t\t\t\ttarget: \"#hbspt-form-1776276852000-2939911935\",\n\t\t\t\t\t\t\t\t\tregion: \"eu1\",\n\t\t\t\t\t\t\t\t\t\n\t\t\t\t\t\t\t})});\n\t\t\t\t\t\t<\/script>\n\t\t\t\t\t\t<div class=\"hbspt-form\" id=\"hbspt-form-1776276852000-2939911935\"><\/div>\t\t\t\t<\/div>\n\t\t\t\t<\/div>\n\t\t\t\t\t<\/div>\n\t\t<\/div>\n\t\t\t\t\t<\/div>\n\t\t<\/section>\n\t\t\t\t<\/div>","protected":false},"excerpt":{"rendered":"<p>Immobilie zum H\u00f6chstpreis verkaufen. Die strategische Checkliste f\u00fcr Eigent\u00fcmer in Berlin\/Brandenburg Was vor dem Verkauf einer Wohnimmobilie wirklich gepr\u00fcft, vorbereitet und entschieden werden sollte, um unn\u00f6tige Preisabschl\u00e4ge zu vermeiden. F\u00fcr Eigentumswohnungen und Einfamilienh\u00e4user. Neubau und Bestand.<\/p>","protected":false},"author":1,"featured_media":0,"parent":0,"menu_order":0,"comment_status":"closed","ping_status":"closed","template":"","meta":{"content-type":"","footnotes":""},"class_list":["post-989585","page","type-page","status-publish","hentry"],"yoast_head":"<!-- This site is optimized with the Yoast SEO plugin v27.4 - https:\/\/yoast.com\/product\/yoast-seo-wordpress\/ -->\n<title>Contact #3 - SAS Homestaging GmbH<\/title>\n<meta name=\"robots\" content=\"index, follow, max-snippet:-1, max-image-preview:large, max-video-preview:-1\" \/>\n<link rel=\"canonical\" href=\"https:\/\/sashomestaging.com\/hu\/contact-3\/\" \/>\n<meta property=\"og:locale\" content=\"hu_HU\" \/>\n<meta property=\"og:type\" content=\"article\" \/>\n<meta property=\"og:title\" content=\"Contact #3 - SAS Homestaging GmbH\" \/>\n<meta property=\"og:description\" content=\"Immobilie zum H\u00f6chstpreis verkaufen. Die strategische Checkliste f\u00fcr Eigent\u00fcmer in Berlin\/Brandenburg Was vor dem Verkauf einer Wohnimmobilie wirklich gepr\u00fcft, vorbereitet und entschieden werden sollte, um unn\u00f6tige Preisabschl\u00e4ge zu vermeiden. F\u00fcr Eigentumswohnungen und Einfamilienh\u00e4user. Neubau und Bestand.\" \/>\n<meta property=\"og:url\" content=\"https:\/\/sashomestaging.com\/hu\/contact-3\/\" \/>\n<meta property=\"og:site_name\" content=\"SAS Homestaging GmbH\" \/>\n<meta property=\"article:publisher\" content=\"https:\/\/www.facebook.com\/sashomestaging\" \/>\n<meta property=\"article:modified_time\" content=\"2026-02-10T21:30:46+00:00\" \/>\n<meta name=\"twitter:card\" content=\"summary_large_image\" \/>\n<meta name=\"twitter:label1\" content=\"Becs\u00fclt olvas\u00e1si id\u0151\" \/>\n\t<meta name=\"twitter:data1\" content=\"1 perc\" \/>\n<script type=\"application\/ld+json\" class=\"yoast-schema-graph\">{\"@context\":\"https:\\\/\\\/schema.org\",\"@graph\":[{\"@type\":\"WebPage\",\"@id\":\"https:\\\/\\\/sashomestaging.com\\\/contact-3\\\/\",\"url\":\"https:\\\/\\\/sashomestaging.com\\\/contact-3\\\/\",\"name\":\"Contact #3 - SAS Homestaging GmbH\",\"isPartOf\":{\"@id\":\"https:\\\/\\\/sashomestaging.com\\\/#website\"},\"datePublished\":\"2026-02-09T12:25:05+00:00\",\"dateModified\":\"2026-02-10T21:30:46+00:00\",\"breadcrumb\":{\"@id\":\"https:\\\/\\\/sashomestaging.com\\\/contact-3\\\/#breadcrumb\"},\"inLanguage\":\"hu\",\"potentialAction\":[{\"@type\":\"ReadAction\",\"target\":[\"https:\\\/\\\/sashomestaging.com\\\/contact-3\\\/\"]}]},{\"@type\":\"BreadcrumbList\",\"@id\":\"https:\\\/\\\/sashomestaging.com\\\/contact-3\\\/#breadcrumb\",\"itemListElement\":[{\"@type\":\"ListItem\",\"position\":1,\"name\":\"Startseite\",\"item\":\"https:\\\/\\\/sashomestaging.com\\\/de\\\/\"},{\"@type\":\"ListItem\",\"position\":2,\"name\":\"Contact #3\"}]},{\"@type\":\"WebSite\",\"@id\":\"https:\\\/\\\/sashomestaging.com\\\/#website\",\"url\":\"https:\\\/\\\/sashomestaging.com\\\/\",\"name\":\"SAS Homestaging GmbH\",\"description\":\"Home Staging in Vorleistung\",\"publisher\":{\"@id\":\"https:\\\/\\\/sashomestaging.com\\\/#organization\"},\"potentialAction\":[{\"@type\":\"SearchAction\",\"target\":{\"@type\":\"EntryPoint\",\"urlTemplate\":\"https:\\\/\\\/sashomestaging.com\\\/?s={search_term_string}\"},\"query-input\":{\"@type\":\"PropertyValueSpecification\",\"valueRequired\":true,\"valueName\":\"search_term_string\"}}],\"inLanguage\":\"hu\"},{\"@type\":\"Organization\",\"@id\":\"https:\\\/\\\/sashomestaging.com\\\/#organization\",\"name\":\"SAS Homestaging GmbH\",\"alternateName\":\"SAS Homestaging\",\"url\":\"https:\\\/\\\/sashomestaging.com\\\/\",\"logo\":{\"@type\":\"ImageObject\",\"inLanguage\":\"hu\",\"@id\":\"https:\\\/\\\/sashomestaging.com\\\/#\\\/schema\\\/logo\\\/image\\\/\",\"url\":\"https:\\\/\\\/sashomestaging.com\\\/wp-content\\\/uploads\\\/2024\\\/03\\\/SAS-Homestaging-02-scaled-e1709830361457.jpg\",\"contentUrl\":\"https:\\\/\\\/sashomestaging.com\\\/wp-content\\\/uploads\\\/2024\\\/03\\\/SAS-Homestaging-02-scaled-e1709830361457.jpg\",\"width\":972,\"height\":1070,\"caption\":\"SAS Homestaging GmbH\"},\"image\":{\"@id\":\"https:\\\/\\\/sashomestaging.com\\\/#\\\/schema\\\/logo\\\/image\\\/\"},\"sameAs\":[\"https:\\\/\\\/www.facebook.com\\\/sashomestaging\",\"https:\\\/\\\/www.instagram.com\\\/sashomestaging\\\/\",\"https:\\\/\\\/www.linkedin.com\\\/company\\\/sas-homestaging-gmbh\\\/\",\"https:\\\/\\\/youtube.com\\\/@sashomestaging?si=klwRCZAZn8jrn5au\"]}]}<\/script>\n<!-- \/ Yoast SEO plugin. -->","yoast_head_json":{"title":"Contact #3 - SAS Homestaging GmbH","robots":{"index":"index","follow":"follow","max-snippet":"max-snippet:-1","max-image-preview":"max-image-preview:large","max-video-preview":"max-video-preview:-1"},"canonical":"https:\/\/sashomestaging.com\/hu\/contact-3\/","og_locale":"hu_HU","og_type":"article","og_title":"Contact #3 - SAS Homestaging GmbH","og_description":"Immobilie zum H\u00f6chstpreis verkaufen. Die strategische Checkliste f\u00fcr Eigent\u00fcmer in Berlin\/Brandenburg Was vor dem Verkauf einer Wohnimmobilie wirklich gepr\u00fcft, vorbereitet und entschieden werden sollte, um unn\u00f6tige Preisabschl\u00e4ge zu vermeiden. F\u00fcr Eigentumswohnungen und Einfamilienh\u00e4user. Neubau und Bestand.","og_url":"https:\/\/sashomestaging.com\/hu\/contact-3\/","og_site_name":"SAS Homestaging GmbH","article_publisher":"https:\/\/www.facebook.com\/sashomestaging","article_modified_time":"2026-02-10T21:30:46+00:00","twitter_card":"summary_large_image","twitter_misc":{"Becs\u00fclt olvas\u00e1si id\u0151":"1 perc"},"schema":{"@context":"https:\/\/schema.org","@graph":[{"@type":"WebPage","@id":"https:\/\/sashomestaging.com\/contact-3\/","url":"https:\/\/sashomestaging.com\/contact-3\/","name":"Contact #3 - SAS Homestaging GmbH","isPartOf":{"@id":"https:\/\/sashomestaging.com\/#website"},"datePublished":"2026-02-09T12:25:05+00:00","dateModified":"2026-02-10T21:30:46+00:00","breadcrumb":{"@id":"https:\/\/sashomestaging.com\/contact-3\/#breadcrumb"},"inLanguage":"hu","potentialAction":[{"@type":"ReadAction","target":["https:\/\/sashomestaging.com\/contact-3\/"]}]},{"@type":"BreadcrumbList","@id":"https:\/\/sashomestaging.com\/contact-3\/#breadcrumb","itemListElement":[{"@type":"ListItem","position":1,"name":"Startseite","item":"https:\/\/sashomestaging.com\/de\/"},{"@type":"ListItem","position":2,"name":"Contact #3"}]},{"@type":"WebSite","@id":"https:\/\/sashomestaging.com\/#website","url":"https:\/\/sashomestaging.com\/","name":"SAS Homestaging GmbH","description":"Home Staging in Vorleistung","publisher":{"@id":"https:\/\/sashomestaging.com\/#organization"},"potentialAction":[{"@type":"SearchAction","target":{"@type":"EntryPoint","urlTemplate":"https:\/\/sashomestaging.com\/?s={search_term_string}"},"query-input":{"@type":"PropertyValueSpecification","valueRequired":true,"valueName":"search_term_string"}}],"inLanguage":"hu"},{"@type":"Organization","@id":"https:\/\/sashomestaging.com\/#organization","name":"SAS Homestaging GmbH","alternateName":"SAS Homestaging","url":"https:\/\/sashomestaging.com\/","logo":{"@type":"ImageObject","inLanguage":"hu","@id":"https:\/\/sashomestaging.com\/#\/schema\/logo\/image\/","url":"https:\/\/sashomestaging.com\/wp-content\/uploads\/2024\/03\/SAS-Homestaging-02-scaled-e1709830361457.jpg","contentUrl":"https:\/\/sashomestaging.com\/wp-content\/uploads\/2024\/03\/SAS-Homestaging-02-scaled-e1709830361457.jpg","width":972,"height":1070,"caption":"SAS Homestaging GmbH"},"image":{"@id":"https:\/\/sashomestaging.com\/#\/schema\/logo\/image\/"},"sameAs":["https:\/\/www.facebook.com\/sashomestaging","https:\/\/www.instagram.com\/sashomestaging\/","https:\/\/www.linkedin.com\/company\/sas-homestaging-gmbh\/","https:\/\/youtube.com\/@sashomestaging?si=klwRCZAZn8jrn5au"]}]}},"_links":{"self":[{"href":"https:\/\/sashomestaging.com\/hu\/wp-json\/wp\/v2\/pages\/989585","targetHints":{"allow":["GET"]}}],"collection":[{"href":"https:\/\/sashomestaging.com\/hu\/wp-json\/wp\/v2\/pages"}],"about":[{"href":"https:\/\/sashomestaging.com\/hu\/wp-json\/wp\/v2\/types\/page"}],"author":[{"embeddable":true,"href":"https:\/\/sashomestaging.com\/hu\/wp-json\/wp\/v2\/users\/1"}],"replies":[{"embeddable":true,"href":"https:\/\/sashomestaging.com\/hu\/wp-json\/wp\/v2\/comments?post=989585"}],"version-history":[{"count":0,"href":"https:\/\/sashomestaging.com\/hu\/wp-json\/wp\/v2\/pages\/989585\/revisions"}],"wp:attachment":[{"href":"https:\/\/sashomestaging.com\/hu\/wp-json\/wp\/v2\/media?parent=989585"}],"curies":[{"name":"wp","href":"https:\/\/api.w.org\/{rel}","templated":true}]}}